{"id":441,"date":"2026-01-26T15:48:20","date_gmt":"2026-01-26T15:48:20","guid":{"rendered":"https:\/\/sewline.it\/?page_id=441"},"modified":"2026-01-26T15:48:20","modified_gmt":"2026-01-26T15:48:20","slug":"siu-2025","status":"publish","type":"page","link":"https:\/\/sewline.it\/?page_id=441","title":{"rendered":"SIU 2025"},"content":{"rendered":"<h3>PUBLICNESS: LE SFIDE DELLA DIMENSIONE PUBBLICA NELLE CITT\u00c0 E NEI TERRITORI<\/h3>\n<h5>37th Conference of <em>Societ\u00e0 Italiana degli Urbanisti<\/em> (SIU)<\/h5>\n<h5>Milan, 18-20 June 2025<\/h5>\n<p data-start=\"0\" data-end=\"316\">The public dimension lies at the heart of profound transformations that are reshaping its meaning and significance across many domains of collective life, including those related to the role and responsibility of urban planning, as well as the practices of planning, design, and governance of cities and territories.<\/p>\n<p data-start=\"318\" data-end=\"785\">Publicness is the English term that effectively synthesises a broad and heterogeneous set of aspects defining the \u201ccondition of being public\u201d\u2014a condition that today appears increasingly eroded by multiple and diverging social, political, economic, demographic, and climatic factors. These dynamics have significant consequences for the forms of public action: its goals, target groups, fields of application, and ultimately the very nature of spaces and services.<\/p>\n<p data-start=\"787\" data-end=\"1548\">Placing publicness and its different meanings at the centre of debate means reflecting on the very purpose of doing urban planning. It entails a critical interrogation of what \u201cpublic\u201d means; who builds or sustains the public dimension, and how, in balance with legitimate private interests; with what responsibilities and tools; and who the intended beneficiaries\u2014present and future, vulnerable or not, temporary or stable, human or non-human\u2014of projects, plans, and policies are. It also means bringing back to the core of reflection on planning practice its political dimension first and foremost, but also its economic and managerial dimensions\u2014inescapable when the goal is to promote long-term environmental, economic, and social equity and sustainability.<\/p>\n<p data-start=\"1550\" data-end=\"1759\">On these themes, and on the challenges that such changes pose to practice, the 27th National Conference of the Italian Society of Urban Planners (SIU) aims to invite contributions and stimulate discussion.<\/p>\n<p data-start=\"1761\" data-end=\"2113\" data-is-last-node=\"\" data-is-only-node=\"\">Organisers: SIU \u2013 Societ\u00e0 Italiana degli Urbanisti, and the Department of Architecture and Urban Studies (DAStU) \u2013 Politecnico di Milano, in collaboration with CRAFT \u2013 Competence Center Anti Fragile Territories (DAStU) and the Department of Architecture, Built Environment and Construction Engineering (ABC) \u2013 Politecnico di Milano.<\/p>\n<p data-start=\"1761\" data-end=\"2113\" data-is-last-node=\"\" data-is-only-node=\"\"><a href=\"https:\/\/www.societaurbanisti.it\/content\/uploads\/2025\/06\/Programma-SIU_17062025_versioneweb.pdf\">Full event programme<\/a><\/p>\n<p>Conference proceedings (forthcoming)<\/p>\n<h5>Conference contributions<\/h5>\n<ul>\n<li>\u201cI SERVIZI ECOSISTEMICI CULTURALI NEL DISEGNO DI UNA RETE CICLABILE TRA VERONA E VICENZA\u201d, Silvia Marchesini, Catherine Dezio, Mauro Masiero, Session 4 &#8211; <em>Publicness<\/em> come accessibilit\u00e0 e diritto alla mobilit\u00e0 nella citt\u00e0 e nei territori &#8211; Mobilit\u00e0 attiva<\/li>\n<li><\/li>\n<\/ul>\n<p>&nbsp;<\/p>\n","protected":false},"excerpt":{"rendered":"<p>PUBLICNESS: LE SFIDE DELLA DIMENSIONE PUBBLICA NELLE CITT\u00c0 E NEI TERRITORI 37th Conference of Societ\u00e0 Italiana degli Urbanisti (SIU) Milan, 18-20 June 2025 The public dimension lies at the heart of profound transformations that are reshaping its meaning and significance across many domains of collective life, including those related to the role and responsibility of [&hellip;]<\/p>\n","protected":false},"author":1,"featured_media":0,"parent":0,"menu_order":0,"comment_status":"closed","ping_status":"closed","template":"","meta":{"footnotes":""},"class_list":["post-441","page","type-page","status-publish","hentry"],"_links":{"self":[{"href":"https:\/\/sewline.it\/index.php?rest_route=\/wp\/v2\/pages\/441","targetHints":{"allow":["GET"]}}],"collection":[{"href":"https:\/\/sewline.it\/index.php?rest_route=\/wp\/v2\/pages"}],"about":[{"href":"https:\/\/sewline.it\/index.php?rest_route=\/wp\/v2\/types\/page"}],"author":[{"embeddable":true,"href":"https:\/\/sewline.it\/index.php?rest_route=\/wp\/v2\/users\/1"}],"replies":[{"embeddable":true,"href":"https:\/\/sewline.it\/index.php?rest_route=%2Fwp%2Fv2%2Fcomments&post=441"}],"version-history":[{"count":2,"href":"https:\/\/sewline.it\/index.php?rest_route=\/wp\/v2\/pages\/441\/revisions"}],"predecessor-version":[{"id":443,"href":"https:\/\/sewline.it\/index.php?rest_route=\/wp\/v2\/pages\/441\/revisions\/443"}],"wp:attachment":[{"href":"https:\/\/sewline.it\/index.php?rest_route=%2Fwp%2Fv2%2Fmedia&parent=441"}],"curies":[{"name":"wp","href":"https:\/\/api.w.org\/{rel}","templated":true}]}}