{"id":492,"date":"2026-01-19T12:34:22","date_gmt":"2026-01-19T12:34:22","guid":{"rendered":"https:\/\/sewline.it\/?page_id=492"},"modified":"2026-03-16T08:08:19","modified_gmt":"2026-03-16T08:08:19","slug":"pubblications","status":"publish","type":"page","link":"https:\/\/sewline.it\/?page_id=492","title":{"rendered":"Pubblications"},"content":{"rendered":"<h2>pubblications<\/h2>\n<p>Below is a selection of <strong data-start=\"24\" data-end=\"40\">publications<\/strong> in which the project has been presented, discussed, or developed further:<\/p>\n<h5>Catalogo Mostra Fotografica, 2026<\/h5>\n<p>\u201c<a href=\"https:\/\/thymosbooks.com\/L-altro-viaggio\">L\u2019altro viaggio. I territori della bretella Fiano Romano-San Cesareo<\/a>\u201d; Di Donato, B., Porqueddu, L., a cura di, Thimos Books, 2026<\/p>\n<h5><b>XXXIV Congresso Geografico Italiano, Turin, september 2025 (Conference proceedings forthcoming)<\/b><\/h5>\n<p>\u201cLogistica e urbanizzazione diffusa: da geografie marginali a nuove centralit\u00e0 in una lettura integrata dei paesaggi operazionali\u201d; Pietrangeli, E.;<\/p>\n<h5>AESOP annual conference 2025, Istambul, 8-12 july 2025 (Conference proceedings forthcoming)<\/h5>\n<p>&#8220;From a linear infrastructure to a logistic operational landscape: the BreBeMi Motorway in Bergamo plateau&#8221;; Pietrangeli, E.; Paris, M., Track 3: TRANSPORT POLICY AND THE SOCIAL DIMENSIONS OF MOBILITY PLANNING<\/p>\n<h5>SIU Annual conference 2025; Milan, 18-20 june 2025 (Conference proceedings forthcoming)<\/h5>\n<ol>\n<li>&#8220;I servizi ecosistemici culturali nel disegno di una rete ciclabile tra Verona e Vicenza&#8221;; Marchesini, S., Dezio, C., Masiero, M.; Sessione 4: <em>Publicness<\/em> come accessibilit\u00e0 e diritto alla mobilit\u00e0 nella citt\u00e0 e nei territori;<\/li>\n<li>&#8220;Paesaggio delle infrastrutture\/spazio pubblico: esperienze di governance e coinvolgimento delle comunit\u00e0 locali&#8221;; Pietrangeli, E.; Sessione 3: <em>Publicness<\/em> come fruibilit\u00e0 di spazi pubblici e servizi della vita collettiva<\/li>\n<\/ol>\n<h5>EURA 2025, Bristol, 10-13 june 2025<\/h5>\n<p>&#8220;<a href=\"https:\/\/articulateusercontent.com\/rise\/courses\/wGWCQe5_h0PLC9zRjZtixlPQPcBhcPNU\/XD-eHiFiw9MdLBYW-EURA%25202025%2520Conference%2520Proceedings.pdf\">From Policy to Practice: Enhancing Infrastructure Projects in Italy with EU Nature Restoration Law<\/a>&#8220;; Vettore, D., Marchesini, S.; Track 8: Designing accessible cities: towards low-carbon and inclusive mobility futures<\/p>\n<h5>19th AESOP Young Academics Conference, Hannover, 17-20 march 2025<\/h5>\n<p>&#8220;Towards Circular Mobility: Rethinking Infrastructure through Environmental Impact Assessment&#8221;; Vettore, D., Track 2: Mobility, Economy and Energy.<\/p>\n<h5><b>FOSS4G IT 2024<\/b>, Padua, december 2024<\/h5>\n<p>&#8220;OSM come strumento di recupero della trama geostorica e paesaggistica dei territori: il caso SEW line&#8221;; Pietrangeli, E., Paris, M.<\/p>\n<h5>People City Transport 2024, Prague, 14-15 n0vember 2024<\/h5>\n<ol>\n<li>&#8220;<a href=\"https:\/\/www.fa.cvut.cz\/fakulta\/ustavy\/15121-ustav-prostoroveho-planovani\/pct2024\/c12.pdf\">The impact on the landscape: large infrastructure construction sites as opportunities for territorial cohesion<\/a>&#8220;; Marchesini, S.; Dezio, C.;<\/li>\n<li>&#8220;<a href=\"https:\/\/www.fa.cvut.cz\/fakulta\/ustavy\/15121-ustav-prostoroveho-planovani\/pct2024\/c10.pdf\">Bridging cities, fostering mobility, safeguarding nature: the role of environmental monitoring in infrastructure projects<\/a>&#8220;; Vettore, D.;<\/li>\n<li>&#8220;<a href=\"https:\/\/www.fa.cvut.cz\/fakulta\/ustavy\/15121-ustav-prostoroveho-planovani\/pct2024\/c11.pdf\">Mobility corridors and logistics clusters in supra-municipal planning: case studies on the a4 and a35 motorways in the Province of Bergamo<\/a>&#8220;; Pietrangeli, E.<\/li>\n<\/ol>\n<h5>VII UPhD 2024, Florence, 8 november 2024<\/h5>\n<ol>\n<li>&#8220;Rigenerazione e infrastrutture: la valutazione di impatto ambientale come elemento di equilibrio territoriale&#8221;; Vettore, D.;<\/li>\n<li>&#8220;Pasesaggi in Trasformazione: L&#8217;Impatto dei Cantieri della Linea AV\/AC e il loro Potenziale Rigenerativo&#8221;; Marchesini, S.; Dezio, C.<\/li>\n<\/ol>\n<h5>AESOP annual conference 2024, Paris, 8-12 july 2024<\/h5>\n<ol>\n<li><span class=\"_aupe copyable-text xkrh14z\">\u201c<a href=\"https:\/\/proceedings.aesop-planning.eu\/index.php\/aesopro\/article\/view\/2561\">&#8216;Operational Landscapes&#8217; of logistics and evidence for governing spatial effects<\/a> \u201d; Adobati, F.; Paris, M.; Track 03-Law;<\/span><\/li>\n<li><span class=\"_aupe copyable-text xkrh14z\">&#8220;<a href=\"https:\/\/proceedings.aesop-planning.eu\/index.php\/aesopro\/article\/view\/2043\">Linear Infrastructures and rural spaces. Pressures, impacts, and a no remedial design approaches<\/a>&#8220;; Paris, M.; Dezio, C.; Marchesini, S.; Pietrangeli, E.; Track 05-Mobility<\/span><\/li>\n<\/ol>\n<h5>SIU Annual conference 2024; Naples, 12-14 june 2024<\/h5>\n<ol>\n<li>&#8220;<a href=\"https:\/\/sewline.it\/wp-content\/uploads\/2026\/01\/Atti_XXVI_Conferenza_SIU_Napoli_Vol.07_marchesini_dezio_savino.pdf\">Un Progetto del territorio per la gestione delle aree di cantiere della tratta Alta Velocita\u0300 Verona-Vicenza<\/a>&#8220;; Marchesini, S., Dezio, C., Savino, M.; Sessione 7-INFRASTRUTTURE;<\/li>\n<li>&#8220;<a href=\"https:\/\/sewline.it\/wp-content\/uploads\/2026\/01\/Atti_XXVI_Conferenza_SIU_Napoli_Vol.07_vettore.pdf\">La governance del progetto d\u2019infrastrutture: alcune riflessioni sulla procedura di Valutazione d\u2019Impatto Ambientale<\/a>&#8220;; Vettore, D.; Sessione 7-INFRASTRUTTURE;<\/li>\n<li>&#8220;<a href=\"https:\/\/sewline.it\/wp-content\/uploads\/2026\/01\/Atti_XXVI_Conferenza_SIU_Napoli_Vol.07_adobati-pietrangeli.pdf\">Il corridoio autostradale brebemi: trama geostorica e (occasione di un) progetto di paesaggio<\/a>&#8220;; Adobati, F., Pietrangeli, E.; Sessione 7-INFRASTRUTTURE;<\/li>\n<li>&#8220;<a href=\"https:\/\/sewline.it\/wp-content\/uploads\/2026\/01\/Atti_XXVI_Conferenza_SIU_Napoli_Vol.07_paris-dezio.pdf\">Ripensare il ruolo delle infrastrutture nei contesti rurali e periurbani: sfide per un nuovo approccio alla progettazione<\/a>&#8220;; Paris, M., Dezio, C.; Sessione 7-INFRASTUTTURE<\/li>\n<\/ol>\n<h5>MOTORWAY ARCHITECTURE AND LANDSCAPE, Retrospectives and Perspectives between Critique and Design; Milan, 1 march 2024<\/h5>\n<p>\u201cSEW Line. Socio-Ecological Way for a Holistic Mobility Infrastructure Planning in Periurban and Rural Landscape\u201d; Dezio, C.; Lei, A.; Paris, M.;\u00a0Session 4 \u2013 Research by Design Methods: ecologies, energies and transitions.<\/p>\n","protected":false},"excerpt":{"rendered":"<p>pubblications Below is a selection of publications in which the project has been presented, discussed, or developed further: Catalogo Mostra Fotografica, 2026 \u201cL\u2019altro viaggio. I territori della bretella Fiano Romano-San Cesareo\u201d; Di Donato, B., Porqueddu, L., a cura di, Thimos Books, 2026 XXXIV Congresso Geografico Italiano, Turin, september 2025 (Conference proceedings forthcoming) \u201cLogistica e urbanizzazione [&hellip;]<\/p>\n","protected":false},"author":1,"featured_media":0,"parent":0,"menu_order":0,"comment_status":"closed","ping_status":"closed","template":"","meta":{"footnotes":""},"class_list":["post-492","page","type-page","status-publish","hentry"],"_links":{"self":[{"href":"https:\/\/sewline.it\/index.php?rest_route=\/wp\/v2\/pages\/492","targetHints":{"allow":["GET"]}}],"collection":[{"href":"https:\/\/sewline.it\/index.php?rest_route=\/wp\/v2\/pages"}],"about":[{"href":"https:\/\/sewline.it\/index.php?rest_route=\/wp\/v2\/types\/page"}],"author":[{"embeddable":true,"href":"https:\/\/sewline.it\/index.php?rest_route=\/wp\/v2\/users\/1"}],"replies":[{"embeddable":true,"href":"https:\/\/sewline.it\/index.php?rest_route=%2Fwp%2Fv2%2Fcomments&post=492"}],"version-history":[{"count":16,"href":"https:\/\/sewline.it\/index.php?rest_route=\/wp\/v2\/pages\/492\/revisions"}],"predecessor-version":[{"id":657,"href":"https:\/\/sewline.it\/index.php?rest_route=\/wp\/v2\/pages\/492\/revisions\/657"}],"wp:attachment":[{"href":"https:\/\/sewline.it\/index.php?rest_route=%2Fwp%2Fv2%2Fmedia&parent=492"}],"curies":[{"name":"wp","href":"https:\/\/api.w.org\/{rel}","templated":true}]}}